{"id":7357,"date":"2023-02-24T12:55:22","date_gmt":"2023-02-24T11:55:22","guid":{"rendered":"https:\/\/aammb.cat\/politica-de-privacidad\/"},"modified":"2024-06-19T18:36:29","modified_gmt":"2024-06-19T16:36:29","slug":"politica-de-privacidad","status":"publish","type":"page","link":"https:\/\/aammb.cat\/es\/politica-de-privacidad\/","title":{"rendered":"Pol\u00edtica de Privacidad"},"content":{"rendered":"\r\n<h3 class=\"wp-block-heading\">Qui\u00e9nes somos<\/h3>\r\n\r\n\r\n\r\n<p>La direcci\u00f3n de nuestra web es: https:\/\/aammb.cat\/.<\/p>\r\n\r\n\r\n\r\n<h3 class=\"wp-block-heading\">Comentarios<\/h3>\r\n\r\n\r\n\r\n<p>Cuando los visitantes dejan comentarios en la web, recopilamos los datos que se muestran en el formulario de comentarios, as\u00ed como la direcci\u00f3n IP del visitante y la cadena de agentes de usuario del navegador para ayudar a la detecci\u00f3n de spam.<\/p>\r\n\r\n\r\n\r\n<p>Una cadena an\u00f3nima creada a partir de su direcci\u00f3n de correo electr\u00f3nico (tambi\u00e9n llamada hash) puede ser proporcionada al servicio de Gravatar para ver si usted la est\u00e1 usando. La pol\u00edtica de privacidad del servicio Gravatar est\u00e1 disponible aqu\u00ed: https:\/\/automattic.com\/privacy\/. Despu\u00e9s de la aprobaci\u00f3n de su comentario, la imagen de su perfil es visible para el p\u00fablico en el contexto de su comentario.<\/p>\r\n\r\n\r\n\r\n<h3 class=\"wp-block-heading\">Cookies<\/h3>\r\n\r\n\r\n\r\n<p>Si deja un comentario en nuestro sitio web, puede elegir guardar su nombre, direcci\u00f3n de correo electr\u00f3nico y web en cookies. Esto es para su comodidad, para que no tenga que volver a rellenar sus datos cuando deje otro comentario. Estas cookies tendr\u00e1n una duraci\u00f3n de un a\u00f1o.<\/p>\r\n\r\n\r\n\r\n<p>Si tiene una cuenta y se conectas a este sitio, instalaremos una cookie temporal para determinar si su navegador acepta cookies. Esta cookie no contiene datos personales y se elimina al cerrar el navegador.<\/p>\r\n\r\n\r\n\r\n<p>Cuando acceda, tambi\u00e9n instalaremos varias cookies para guardar su informaci\u00f3n de acceso y sus opciones de visualizaci\u00f3n de pantalla. Las cookies de acceso duran dos d\u00edas, y las cookies de opciones de pantalla duran un a\u00f1o. Si selecciona \u00abRecu\u00e9rdarme\u00bb, su acceso perdurar\u00e1 durante dos semanas. Si sale de su cuenta, las cookies de acceso se eliminar\u00e1n.<\/p>\r\n\r\n\r\n\r\n<p>Si edita o publica un art\u00edculo, se guardar\u00e1 una cookie adicional en su navegador. Esta cookie no incluye datos personales y simplemente indica el ID del art\u00edculo que acaba de editar. Caduca despu\u00e9s de 1 d\u00eda.<\/p>\r\n\r\n\r\n\r\n<h3 class=\"wp-block-heading\">Contenido incrustado de otros sitios web<\/h3>\r\n\r\n\r\n\r\n<p>Los art\u00edculos de este sitio web pueden incluir contenido incrustado (por ejemplo, v\u00eddeos, im\u00e1genes, art\u00edculos, etc.). El contenido incrustado de otras webs se comporta exactamente de la misma manera que si el visitante hubiera visitado la otra web.<\/p>\r\n\r\n\r\n\r\n<p>Estas web pueden recopilar datos sobre Vd., utilizar cookies, incrustar un seguimiento adicional de terceros, y supervisar su interacci\u00f3n con ese contenido incrustado, incluido el seguimiento de su interacci\u00f3n con el contenido incrustado si tiene una cuenta y est\u00e1 conectado a esa web.<\/p>\r\n\r\n\r\n\r\n<h3 class=\"wp-block-heading\">Con qui\u00e9n compartimos sus datos<\/h3>\r\n\r\n\r\n\r\n<p>Si solicita un restablecimiento de contrase\u00f1a, su direcci\u00f3n IP ser\u00e1 incluida en el correo electr\u00f3nico de restablecimiento.<\/p>\r\n\r\n\r\n\r\n<h3 class=\"wp-block-heading\">Cu\u00e1nto tiempo conservamos sus datos<\/h3>\r\n\r\n\r\n\r\n<p>Si deja un comentario, \u00e9ste y sus metadatos se conservan indefinidamente. Esto es para que podamos reconocer y aprobar comentarios sucesivos autom\u00e1ticamente, en lugar de mantenerlos en una cola de moderaci\u00f3n.<\/p>\r\n\r\n\r\n\r\n<p>De los usuarios que se registran en nuestra web (si los hay), tambi\u00e9n almacenamos la informaci\u00f3n personal que proporcionan en su perfil de usuario. Todos los usuarios pueden ver, editar o eliminar su informaci\u00f3n personal en cualquier momento (a excepci\u00f3n de su nombre de usuario, que no se puede cambiar). Los administradores de la web tambi\u00e9n pueden ver y editar esa informaci\u00f3n.<\/p>\r\n\r\n\r\n\r\n<h3 class=\"wp-block-heading\">Qu\u00e9 derechos tiene sobre sus datos<\/h3>\r\n\r\n\r\n\r\n<p>Si tiene una cuenta o ha dejado comentarios en esta web, puede solicitar recibir un archivo de exportaci\u00f3n de los datos personales que tenemos sobre Vd., incluyendo cualquier dato que nos haya proporcionado. Tambi\u00e9n puede solicitar que eliminemos cualquier dato personal que tengamos sobre usted. Esto no incluye ning\u00fan dato que estemos obligados a conservar con fines administrativos, legales o de seguridad.<\/p>\r\n<p>La AAMMB garantiza a los usuarios, en todo momento, el ejercicio de sus derechos de acceso, rectificaci\u00f3n, cancelaci\u00f3n u oposici\u00f3n sobre los datos personales facilitados por los mismos, en los t\u00e9rminos dispuestos en la legislaci\u00f3n vigente. Por ello y de conformidad con lo dispuesto en la Ley Org\u00e1nica 15\/1999, de Protecci\u00f3n de Datos de Car\u00e1cter Personal (LOPD), los usuarios de la Web podr\u00e1n ejercer tales derechos remitiendo una solicitud expresa por escrito a cualquier de la a cualquiera de las siguientes direcciones:<\/p>\r\n<p>E-mail: <a href=\"mailto:amics@mmb.cat\" target=\"_blank\" rel=\"noopener\">amics@mmb.cat<\/a><\/p>\r\n<p>Correo postal:<br \/>AAMMB<br \/>Museo Mar\u00edtimo y Atarazanas Reales de Barcelona<br \/>Avinguda de les Drassanes, s\/n<br \/>08001 Barcelona<\/p>\r\n\r\n\r\n\r\n<h3 class=\"wp-block-heading\">D\u00f3nde enviamos sus datos<\/h3>\r\n\r\n\r\n\r\n<p>Los comentarios de los visitantes pueden ser revisados por un servicio de detecci\u00f3n autom\u00e1tica de spam.<\/p>\r\n\r\n\r\n\r\n<h3>Akismet<\/h3>\r\n\r\n\r\n\r\n<p>Recopilamos informaci\u00f3n sobre los visitantes que comentan en los sitios que usan nuestro servicio anti-spam, Akismet. La informaci\u00f3n que recopilamos depende de c\u00f3mo se configure Akismet en el sitio el usuario, pero incluye, normalmente, la direcci\u00f3n IP del comentarista, el navegador del usuario, el sitio de referencia y la URL del sitio (adem\u00e1s de otra informaci\u00f3n directamente facilitada por el comentarista, como su nombre, nombre de usuario, direcci\u00f3n de correo electr\u00f3nico y el mismo comentario).<\/p>\r\n\r\n\r\n\r\n<h3>Google Web Fonts<\/h3>\r\n\r\n\r\n\r\n<p>Para una representaci\u00f3n uniforme de los tipos de letra, esta p\u00e1gina utiliza fuentes web proporcionadas por Google. Cuando abre una p\u00e1gina, su navegador carga los tipos de letra web necesarios en la memoria de su navegador para mostrar textos y tipos de letra correctamente. Para ello, su navegador debe establecer una conexi\u00f3n directa con los servidores de Google. De esta manera, Google detecta de que se ha accedido a nuestra p\u00e1gina web mediante su direcci\u00f3n IP. El uso de fuentes web de Google se realiza con el inter\u00e9s de una presentaci\u00f3n uniforme y atractiva de nuestra web. Esto constituye un inter\u00e9s justificado de acuerdo con el arte. 6 (1) (f) DSGVO. Si su navegador no admite tipos de letra web, el equipo utiliza un tipo de letra est\u00e1ndar. Puede encontrar m\u00e1s informaci\u00f3n sobre el manejo de los datos de los usuarios en https:\/\/developers.google.com\/fonts\/faq y en la pol\u00edtica de privacidad de Google en https:\/\/www.google.com\/policies\/privacy\/.<\/p>\r\n","protected":false},"excerpt":{"rendered":"<p>Qui\u00e9nes somos La direcci\u00f3n de nuestra web es: https:\/\/aammb.cat\/. Comentarios Cuando los visitantes dejan comentarios en la web, recopilamos los datos que se muestran en el formulario de comentarios, as\u00ed [&hellip;]<\/p>\n","protected":false},"author":1,"featured_media":0,"parent":0,"menu_order":0,"comment_status":"closed","ping_status":"closed","template":"","meta":{"_monsterinsights_skip_tracking":false,"_monsterinsights_sitenote_active":false,"_monsterinsights_sitenote_note":"","_monsterinsights_sitenote_category":0,"footnotes":""},"class_list":["post-7357","page","type-page","status-publish","hentry"],"yoast_head":"<!-- This site is optimized with the Yoast SEO plugin v27.4 - https:\/\/yoast.com\/product\/yoast-seo-wordpress\/ -->\n<title>Pol\u00edtica de Privacidad - aammb - Associaci\u00f3 d&#039;Amics del Museu Mar\u00edtim de Barcelona<\/title>\n<meta name=\"robots\" content=\"index, follow, max-snippet:-1, max-image-preview:large, max-video-preview:-1\" \/>\n<link rel=\"canonical\" href=\"https:\/\/aammb.cat\/es\/politica-de-privacidad\/\" \/>\n<meta property=\"og:locale\" content=\"es_ES\" \/>\n<meta property=\"og:type\" content=\"article\" \/>\n<meta property=\"og:title\" content=\"Pol\u00edtica de Privacidad - aammb - Associaci\u00f3 d&#039;Amics del Museu Mar\u00edtim de Barcelona\" \/>\n<meta property=\"og:description\" content=\"Qui\u00e9nes somos La direcci\u00f3n de nuestra web es: https:\/\/aammb.cat\/. Comentarios Cuando los visitantes dejan comentarios en la web, recopilamos los datos que se muestran en el formulario de comentarios, as\u00ed [&hellip;]\" \/>\n<meta property=\"og:url\" content=\"https:\/\/aammb.cat\/es\/politica-de-privacidad\/\" \/>\n<meta property=\"og:site_name\" content=\"aammb - Associaci\u00f3 d&#039;Amics del Museu Mar\u00edtim de Barcelona\" \/>\n<meta property=\"article:modified_time\" content=\"2024-06-19T16:36:29+00:00\" \/>\n<meta property=\"og:image\" content=\"https:\/\/aammb.cat\/wp-content\/uploads\/2023\/03\/logo-AAMMB-2.png\" \/>\n\t<meta property=\"og:image:width\" content=\"320\" \/>\n\t<meta property=\"og:image:height\" content=\"320\" \/>\n\t<meta property=\"og:image:type\" content=\"image\/png\" \/>\n<meta name=\"twitter:card\" content=\"summary_large_image\" \/>\n<meta name=\"twitter:label1\" content=\"Tiempo de lectura\" \/>\n\t<meta name=\"twitter:data1\" content=\"6 minutos\" \/>\n<script type=\"application\/ld+json\" class=\"yoast-schema-graph\">{\"@context\":\"https:\\\/\\\/schema.org\",\"@graph\":[{\"@type\":\"WebPage\",\"@id\":\"https:\\\/\\\/aammb.cat\\\/es\\\/politica-de-privacidad\\\/\",\"url\":\"https:\\\/\\\/aammb.cat\\\/es\\\/politica-de-privacidad\\\/\",\"name\":\"Pol\u00edtica de Privacidad - aammb - Associaci\u00f3 d&#039;Amics del Museu Mar\u00edtim de Barcelona\",\"isPartOf\":{\"@id\":\"https:\\\/\\\/aammb.cat\\\/es\\\/#website\"},\"datePublished\":\"2023-02-24T11:55:22+00:00\",\"dateModified\":\"2024-06-19T16:36:29+00:00\",\"breadcrumb\":{\"@id\":\"https:\\\/\\\/aammb.cat\\\/es\\\/politica-de-privacidad\\\/#breadcrumb\"},\"inLanguage\":\"es\",\"potentialAction\":[{\"@type\":\"ReadAction\",\"target\":[\"https:\\\/\\\/aammb.cat\\\/es\\\/politica-de-privacidad\\\/\"]}]},{\"@type\":\"BreadcrumbList\",\"@id\":\"https:\\\/\\\/aammb.cat\\\/es\\\/politica-de-privacidad\\\/#breadcrumb\",\"itemListElement\":[{\"@type\":\"ListItem\",\"position\":1,\"name\":\"Inici\",\"item\":\"https:\\\/\\\/aammb.cat\\\/es\\\/\"},{\"@type\":\"ListItem\",\"position\":2,\"name\":\"Pol\u00edtica de Privacidad\"}]},{\"@type\":\"WebSite\",\"@id\":\"https:\\\/\\\/aammb.cat\\\/es\\\/#website\",\"url\":\"https:\\\/\\\/aammb.cat\\\/es\\\/\",\"name\":\"aammb - Associaci\u00f3 d&#039;Amics del Museu Mar\u00edtim de Barcelona\",\"description\":\"Associaci\u00f3 d&#039;Amics del Museu Mar\u00edtim de Barcelona\",\"publisher\":{\"@id\":\"https:\\\/\\\/aammb.cat\\\/es\\\/#organization\"},\"alternateName\":\"AAMMB\",\"potentialAction\":[{\"@type\":\"SearchAction\",\"target\":{\"@type\":\"EntryPoint\",\"urlTemplate\":\"https:\\\/\\\/aammb.cat\\\/es\\\/?s={search_term_string}\"},\"query-input\":{\"@type\":\"PropertyValueSpecification\",\"valueRequired\":true,\"valueName\":\"search_term_string\"}}],\"inLanguage\":\"es\"},{\"@type\":\"Organization\",\"@id\":\"https:\\\/\\\/aammb.cat\\\/es\\\/#organization\",\"name\":\"aammb - Associaci\u00f3 d&#039;Amics del Museu Mar\u00edtim de Barcelona\",\"alternateName\":\"AAMMB\",\"url\":\"https:\\\/\\\/aammb.cat\\\/es\\\/\",\"logo\":{\"@type\":\"ImageObject\",\"inLanguage\":\"es\",\"@id\":\"https:\\\/\\\/aammb.cat\\\/es\\\/#\\\/schema\\\/logo\\\/image\\\/\",\"url\":\"https:\\\/\\\/aammb.cat\\\/wp-content\\\/uploads\\\/2023\\\/03\\\/logo-AAMMB-2.png\",\"contentUrl\":\"https:\\\/\\\/aammb.cat\\\/wp-content\\\/uploads\\\/2023\\\/03\\\/logo-AAMMB-2.png\",\"width\":320,\"height\":320,\"caption\":\"aammb - Associaci\u00f3 d&#039;Amics del Museu Mar\u00edtim de Barcelona\"},\"image\":{\"@id\":\"https:\\\/\\\/aammb.cat\\\/es\\\/#\\\/schema\\\/logo\\\/image\\\/\"},\"sameAs\":[\"https:\\\/\\\/www.instagram.com\\\/amics.museu\\\/\",\"https:\\\/\\\/www.youtube.com\\\/@aammb\"]}]}<\/script>\n<!-- \/ Yoast SEO plugin. -->","yoast_head_json":{"title":"Pol\u00edtica de Privacidad - aammb - Associaci\u00f3 d&#039;Amics del Museu Mar\u00edtim de Barcelona","robots":{"index":"index","follow":"follow","max-snippet":"max-snippet:-1","max-image-preview":"max-image-preview:large","max-video-preview":"max-video-preview:-1"},"canonical":"https:\/\/aammb.cat\/es\/politica-de-privacidad\/","og_locale":"es_ES","og_type":"article","og_title":"Pol\u00edtica de Privacidad - aammb - Associaci\u00f3 d&#039;Amics del Museu Mar\u00edtim de Barcelona","og_description":"Qui\u00e9nes somos La direcci\u00f3n de nuestra web es: https:\/\/aammb.cat\/. Comentarios Cuando los visitantes dejan comentarios en la web, recopilamos los datos que se muestran en el formulario de comentarios, as\u00ed [&hellip;]","og_url":"https:\/\/aammb.cat\/es\/politica-de-privacidad\/","og_site_name":"aammb - Associaci\u00f3 d&#039;Amics del Museu Mar\u00edtim de Barcelona","article_modified_time":"2024-06-19T16:36:29+00:00","og_image":[{"width":320,"height":320,"url":"https:\/\/aammb.cat\/wp-content\/uploads\/2023\/03\/logo-AAMMB-2.png","type":"image\/png"}],"twitter_card":"summary_large_image","twitter_misc":{"Tiempo de lectura":"6 minutos"},"schema":{"@context":"https:\/\/schema.org","@graph":[{"@type":"WebPage","@id":"https:\/\/aammb.cat\/es\/politica-de-privacidad\/","url":"https:\/\/aammb.cat\/es\/politica-de-privacidad\/","name":"Pol\u00edtica de Privacidad - aammb - Associaci\u00f3 d&#039;Amics del Museu Mar\u00edtim de Barcelona","isPartOf":{"@id":"https:\/\/aammb.cat\/es\/#website"},"datePublished":"2023-02-24T11:55:22+00:00","dateModified":"2024-06-19T16:36:29+00:00","breadcrumb":{"@id":"https:\/\/aammb.cat\/es\/politica-de-privacidad\/#breadcrumb"},"inLanguage":"es","potentialAction":[{"@type":"ReadAction","target":["https:\/\/aammb.cat\/es\/politica-de-privacidad\/"]}]},{"@type":"BreadcrumbList","@id":"https:\/\/aammb.cat\/es\/politica-de-privacidad\/#breadcrumb","itemListElement":[{"@type":"ListItem","position":1,"name":"Inici","item":"https:\/\/aammb.cat\/es\/"},{"@type":"ListItem","position":2,"name":"Pol\u00edtica de Privacidad"}]},{"@type":"WebSite","@id":"https:\/\/aammb.cat\/es\/#website","url":"https:\/\/aammb.cat\/es\/","name":"aammb - Associaci\u00f3 d&#039;Amics del Museu Mar\u00edtim de Barcelona","description":"Associaci\u00f3 d&#039;Amics del Museu Mar\u00edtim de Barcelona","publisher":{"@id":"https:\/\/aammb.cat\/es\/#organization"},"alternateName":"AAMMB","potentialAction":[{"@type":"SearchAction","target":{"@type":"EntryPoint","urlTemplate":"https:\/\/aammb.cat\/es\/?s={search_term_string}"},"query-input":{"@type":"PropertyValueSpecification","valueRequired":true,"valueName":"search_term_string"}}],"inLanguage":"es"},{"@type":"Organization","@id":"https:\/\/aammb.cat\/es\/#organization","name":"aammb - Associaci\u00f3 d&#039;Amics del Museu Mar\u00edtim de Barcelona","alternateName":"AAMMB","url":"https:\/\/aammb.cat\/es\/","logo":{"@type":"ImageObject","inLanguage":"es","@id":"https:\/\/aammb.cat\/es\/#\/schema\/logo\/image\/","url":"https:\/\/aammb.cat\/wp-content\/uploads\/2023\/03\/logo-AAMMB-2.png","contentUrl":"https:\/\/aammb.cat\/wp-content\/uploads\/2023\/03\/logo-AAMMB-2.png","width":320,"height":320,"caption":"aammb - Associaci\u00f3 d&#039;Amics del Museu Mar\u00edtim de Barcelona"},"image":{"@id":"https:\/\/aammb.cat\/es\/#\/schema\/logo\/image\/"},"sameAs":["https:\/\/www.instagram.com\/amics.museu\/","https:\/\/www.youtube.com\/@aammb"]}]}},"_links":{"self":[{"href":"https:\/\/aammb.cat\/es\/wp-json\/wp\/v2\/pages\/7357","targetHints":{"allow":["GET"]}}],"collection":[{"href":"https:\/\/aammb.cat\/es\/wp-json\/wp\/v2\/pages"}],"about":[{"href":"https:\/\/aammb.cat\/es\/wp-json\/wp\/v2\/types\/page"}],"author":[{"embeddable":true,"href":"https:\/\/aammb.cat\/es\/wp-json\/wp\/v2\/users\/1"}],"replies":[{"embeddable":true,"href":"https:\/\/aammb.cat\/es\/wp-json\/wp\/v2\/comments?post=7357"}],"version-history":[{"count":5,"href":"https:\/\/aammb.cat\/es\/wp-json\/wp\/v2\/pages\/7357\/revisions"}],"predecessor-version":[{"id":8227,"href":"https:\/\/aammb.cat\/es\/wp-json\/wp\/v2\/pages\/7357\/revisions\/8227"}],"wp:attachment":[{"href":"https:\/\/aammb.cat\/es\/wp-json\/wp\/v2\/media?parent=7357"}],"curies":[{"name":"wp","href":"https:\/\/api.w.org\/{rel}","templated":true}]}}