{"id":7146,"date":"2023-01-12T11:59:39","date_gmt":"2023-01-12T10:59:39","guid":{"rendered":"https:\/\/aammb.cat\/modelismo\/proveedores\/"},"modified":"2023-03-17T18:09:17","modified_gmt":"2023-03-17T17:09:17","slug":"proveedores","status":"publish","type":"page","link":"https:\/\/aammb.cat\/es\/modelismo\/proveedores\/","title":{"rendered":"Proveedores"},"content":{"rendered":"","protected":false},"excerpt":{"rendered":"","protected":false},"author":1,"featured_media":0,"parent":7098,"menu_order":0,"comment_status":"closed","ping_status":"closed","template":"","meta":{"_monsterinsights_skip_tracking":false,"_monsterinsights_sitenote_active":false,"_monsterinsights_sitenote_note":"","_monsterinsights_sitenote_category":0,"footnotes":""},"class_list":["post-7146","page","type-page","status-publish","hentry"],"yoast_head":"<!-- This site is optimized with the Yoast SEO plugin v27.3 - https:\/\/yoast.com\/product\/yoast-seo-wordpress\/ -->\n<title>Proveedores - aammb - Associaci\u00f3 d&#039;Amics del Museu Mar\u00edtim de Barcelona<\/title>\n<meta name=\"robots\" content=\"index, follow, max-snippet:-1, max-image-preview:large, max-video-preview:-1\" \/>\n<link rel=\"canonical\" href=\"https:\/\/aammb.cat\/es\/modelismo\/proveedores\/\" \/>\n<meta property=\"og:locale\" content=\"es_ES\" \/>\n<meta property=\"og:type\" content=\"article\" \/>\n<meta property=\"og:title\" content=\"Proveedores - aammb - Associaci\u00f3 d&#039;Amics del Museu Mar\u00edtim de Barcelona\" \/>\n<meta property=\"og:url\" content=\"https:\/\/aammb.cat\/es\/modelismo\/proveedores\/\" \/>\n<meta property=\"og:site_name\" content=\"aammb - Associaci\u00f3 d&#039;Amics del Museu Mar\u00edtim de Barcelona\" \/>\n<meta property=\"article:modified_time\" content=\"2023-03-17T17:09:17+00:00\" \/>\n<meta property=\"og:image\" content=\"https:\/\/aammb.cat\/wp-content\/uploads\/2023\/03\/logo-AAMMB-2.png\" \/>\n\t<meta property=\"og:image:width\" content=\"320\" \/>\n\t<meta property=\"og:image:height\" content=\"320\" \/>\n\t<meta property=\"og:image:type\" content=\"image\/png\" \/>\n<meta name=\"twitter:card\" content=\"summary_large_image\" \/>\n<script type=\"application\/ld+json\" class=\"yoast-schema-graph\">{\"@context\":\"https:\\\/\\\/schema.org\",\"@graph\":[{\"@type\":\"WebPage\",\"@id\":\"https:\\\/\\\/aammb.cat\\\/es\\\/modelismo\\\/proveedores\\\/\",\"url\":\"https:\\\/\\\/aammb.cat\\\/es\\\/modelismo\\\/proveedores\\\/\",\"name\":\"Proveedores - aammb - Associaci\u00f3 d&#039;Amics del Museu Mar\u00edtim de Barcelona\",\"isPartOf\":{\"@id\":\"https:\\\/\\\/aammb.cat\\\/es\\\/#website\"},\"datePublished\":\"2023-01-12T10:59:39+00:00\",\"dateModified\":\"2023-03-17T17:09:17+00:00\",\"breadcrumb\":{\"@id\":\"https:\\\/\\\/aammb.cat\\\/es\\\/modelismo\\\/proveedores\\\/#breadcrumb\"},\"inLanguage\":\"es\",\"potentialAction\":[{\"@type\":\"ReadAction\",\"target\":[\"https:\\\/\\\/aammb.cat\\\/es\\\/modelismo\\\/proveedores\\\/\"]}]},{\"@type\":\"BreadcrumbList\",\"@id\":\"https:\\\/\\\/aammb.cat\\\/es\\\/modelismo\\\/proveedores\\\/#breadcrumb\",\"itemListElement\":[{\"@type\":\"ListItem\",\"position\":1,\"name\":\"Inici\",\"item\":\"https:\\\/\\\/aammb.cat\\\/es\\\/\"},{\"@type\":\"ListItem\",\"position\":2,\"name\":\"Modelismo\",\"item\":\"https:\\\/\\\/aammb.cat\\\/es\\\/modelismo\\\/\"},{\"@type\":\"ListItem\",\"position\":3,\"name\":\"Proveedores\"}]},{\"@type\":\"WebSite\",\"@id\":\"https:\\\/\\\/aammb.cat\\\/es\\\/#website\",\"url\":\"https:\\\/\\\/aammb.cat\\\/es\\\/\",\"name\":\"aammb - Associaci\u00f3 d&#039;Amics del Museu Mar\u00edtim de Barcelona\",\"description\":\"Associaci\u00f3 d&#039;Amics del Museu Mar\u00edtim de Barcelona\",\"publisher\":{\"@id\":\"https:\\\/\\\/aammb.cat\\\/es\\\/#organization\"},\"alternateName\":\"AAMMB\",\"potentialAction\":[{\"@type\":\"SearchAction\",\"target\":{\"@type\":\"EntryPoint\",\"urlTemplate\":\"https:\\\/\\\/aammb.cat\\\/es\\\/?s={search_term_string}\"},\"query-input\":{\"@type\":\"PropertyValueSpecification\",\"valueRequired\":true,\"valueName\":\"search_term_string\"}}],\"inLanguage\":\"es\"},{\"@type\":\"Organization\",\"@id\":\"https:\\\/\\\/aammb.cat\\\/es\\\/#organization\",\"name\":\"aammb - Associaci\u00f3 d&#039;Amics del Museu Mar\u00edtim de Barcelona\",\"alternateName\":\"AAMMB\",\"url\":\"https:\\\/\\\/aammb.cat\\\/es\\\/\",\"logo\":{\"@type\":\"ImageObject\",\"inLanguage\":\"es\",\"@id\":\"https:\\\/\\\/aammb.cat\\\/es\\\/#\\\/schema\\\/logo\\\/image\\\/\",\"url\":\"https:\\\/\\\/aammb.cat\\\/wp-content\\\/uploads\\\/2023\\\/03\\\/logo-AAMMB-2.png\",\"contentUrl\":\"https:\\\/\\\/aammb.cat\\\/wp-content\\\/uploads\\\/2023\\\/03\\\/logo-AAMMB-2.png\",\"width\":320,\"height\":320,\"caption\":\"aammb - Associaci\u00f3 d&#039;Amics del Museu Mar\u00edtim de Barcelona\"},\"image\":{\"@id\":\"https:\\\/\\\/aammb.cat\\\/es\\\/#\\\/schema\\\/logo\\\/image\\\/\"},\"sameAs\":[\"https:\\\/\\\/www.instagram.com\\\/amics.museu\\\/\",\"https:\\\/\\\/www.youtube.com\\\/@aammb\"]}]}<\/script>\n<!-- \/ Yoast SEO plugin. -->","yoast_head_json":{"title":"Proveedores - aammb - Associaci\u00f3 d&#039;Amics del Museu Mar\u00edtim de Barcelona","robots":{"index":"index","follow":"follow","max-snippet":"max-snippet:-1","max-image-preview":"max-image-preview:large","max-video-preview":"max-video-preview:-1"},"canonical":"https:\/\/aammb.cat\/es\/modelismo\/proveedores\/","og_locale":"es_ES","og_type":"article","og_title":"Proveedores - aammb - Associaci\u00f3 d&#039;Amics del Museu Mar\u00edtim de Barcelona","og_url":"https:\/\/aammb.cat\/es\/modelismo\/proveedores\/","og_site_name":"aammb - Associaci\u00f3 d&#039;Amics del Museu Mar\u00edtim de Barcelona","article_modified_time":"2023-03-17T17:09:17+00:00","og_image":[{"width":320,"height":320,"url":"https:\/\/aammb.cat\/wp-content\/uploads\/2023\/03\/logo-AAMMB-2.png","type":"image\/png"}],"twitter_card":"summary_large_image","schema":{"@context":"https:\/\/schema.org","@graph":[{"@type":"WebPage","@id":"https:\/\/aammb.cat\/es\/modelismo\/proveedores\/","url":"https:\/\/aammb.cat\/es\/modelismo\/proveedores\/","name":"Proveedores - aammb - Associaci\u00f3 d&#039;Amics del Museu Mar\u00edtim de Barcelona","isPartOf":{"@id":"https:\/\/aammb.cat\/es\/#website"},"datePublished":"2023-01-12T10:59:39+00:00","dateModified":"2023-03-17T17:09:17+00:00","breadcrumb":{"@id":"https:\/\/aammb.cat\/es\/modelismo\/proveedores\/#breadcrumb"},"inLanguage":"es","potentialAction":[{"@type":"ReadAction","target":["https:\/\/aammb.cat\/es\/modelismo\/proveedores\/"]}]},{"@type":"BreadcrumbList","@id":"https:\/\/aammb.cat\/es\/modelismo\/proveedores\/#breadcrumb","itemListElement":[{"@type":"ListItem","position":1,"name":"Inici","item":"https:\/\/aammb.cat\/es\/"},{"@type":"ListItem","position":2,"name":"Modelismo","item":"https:\/\/aammb.cat\/es\/modelismo\/"},{"@type":"ListItem","position":3,"name":"Proveedores"}]},{"@type":"WebSite","@id":"https:\/\/aammb.cat\/es\/#website","url":"https:\/\/aammb.cat\/es\/","name":"aammb - Associaci\u00f3 d&#039;Amics del Museu Mar\u00edtim de Barcelona","description":"Associaci\u00f3 d&#039;Amics del Museu Mar\u00edtim de Barcelona","publisher":{"@id":"https:\/\/aammb.cat\/es\/#organization"},"alternateName":"AAMMB","potentialAction":[{"@type":"SearchAction","target":{"@type":"EntryPoint","urlTemplate":"https:\/\/aammb.cat\/es\/?s={search_term_string}"},"query-input":{"@type":"PropertyValueSpecification","valueRequired":true,"valueName":"search_term_string"}}],"inLanguage":"es"},{"@type":"Organization","@id":"https:\/\/aammb.cat\/es\/#organization","name":"aammb - Associaci\u00f3 d&#039;Amics del Museu Mar\u00edtim de Barcelona","alternateName":"AAMMB","url":"https:\/\/aammb.cat\/es\/","logo":{"@type":"ImageObject","inLanguage":"es","@id":"https:\/\/aammb.cat\/es\/#\/schema\/logo\/image\/","url":"https:\/\/aammb.cat\/wp-content\/uploads\/2023\/03\/logo-AAMMB-2.png","contentUrl":"https:\/\/aammb.cat\/wp-content\/uploads\/2023\/03\/logo-AAMMB-2.png","width":320,"height":320,"caption":"aammb - Associaci\u00f3 d&#039;Amics del Museu Mar\u00edtim de Barcelona"},"image":{"@id":"https:\/\/aammb.cat\/es\/#\/schema\/logo\/image\/"},"sameAs":["https:\/\/www.instagram.com\/amics.museu\/","https:\/\/www.youtube.com\/@aammb"]}]}},"_links":{"self":[{"href":"https:\/\/aammb.cat\/es\/wp-json\/wp\/v2\/pages\/7146","targetHints":{"allow":["GET"]}}],"collection":[{"href":"https:\/\/aammb.cat\/es\/wp-json\/wp\/v2\/pages"}],"about":[{"href":"https:\/\/aammb.cat\/es\/wp-json\/wp\/v2\/types\/page"}],"author":[{"embeddable":true,"href":"https:\/\/aammb.cat\/es\/wp-json\/wp\/v2\/users\/1"}],"replies":[{"embeddable":true,"href":"https:\/\/aammb.cat\/es\/wp-json\/wp\/v2\/comments?post=7146"}],"version-history":[{"count":1,"href":"https:\/\/aammb.cat\/es\/wp-json\/wp\/v2\/pages\/7146\/revisions"}],"predecessor-version":[{"id":7510,"href":"https:\/\/aammb.cat\/es\/wp-json\/wp\/v2\/pages\/7146\/revisions\/7510"}],"up":[{"embeddable":true,"href":"https:\/\/aammb.cat\/es\/wp-json\/wp\/v2\/pages\/7098"}],"wp:attachment":[{"href":"https:\/\/aammb.cat\/es\/wp-json\/wp\/v2\/media?parent=7146"}],"curies":[{"name":"wp","href":"https:\/\/api.w.org\/{rel}","templated":true}]}}